{"id":6,"date":"2017-09-19T15:25:20","date_gmt":"2017-09-19T13:25:20","guid":{"rendered":"http:\/\/www.dbchauffage.be\/?page_id=6"},"modified":"2018-01-23T00:05:13","modified_gmt":"2018-01-22T23:05:13","slug":"accueil","status":"publish","type":"page","link":"https:\/\/www.dbchauffage.be\/","title":{"rendered":"Accueil"},"content":{"rendered":"<p><div class=\"fusion-fullwidth fullwidth-box fusion-builder-row-1 nonhundred-percent-fullwidth non-hundred-percent-height-scrolling\" style=\"background-color: rgba(255,255,255,0);background-position: center center;background-repeat: no-repeat;padding-top:0px;padding-right:0px;padding-bottom:0px;padding-left:0px;margin-bottom: 0px;margin-top: 0px;border-width: 0px 0px 0px 0px;border-color:#eae9e9;border-style:solid;\" ><div class=\"fusion-builder-row fusion-row\"><div class=\"fusion-layout-column fusion_builder_column fusion-builder-column-0 fusion_builder_column_1_4 1_4 fusion-one-fourth fusion-column-first\" style=\"width:25%;width:calc(25% - ( ( 4% + 4% + 4% ) * 0.25 ) );margin-right: 4%;margin-top:0px;margin-bottom:20px;\"><div class=\"fusion-column-wrapper fusion-flex-column-wrapper-legacy\" style=\"background-position:left top;background-repeat:no-repeat;-webkit-background-size:cover;-moz-background-size:cover;-o-background-size:cover;background-size:cover;padding: 0px 0px 0px 0px;\"><div class=\"imageframe-align-center\"><span class=\" fusion-imageframe imageframe-none imageframe-1 hover-type-none\"><img width=\"300\" height=\"300\" title=\"bloc1\" src=\"http:\/\/www.dbchauffage.be\/wp-content\/uploads\/2017\/10\/bloc1.png\" class=\"img-responsive wp-image-133\" srcset=\"https:\/\/www.dbchauffage.be\/wp-content\/uploads\/2017\/10\/bloc1-200x200.png 200w, https:\/\/www.dbchauffage.be\/wp-content\/uploads\/2017\/10\/bloc1.png 300w\" sizes=\"(max-width: 800px) 100vw, 300px\" \/><\/span><\/div><div class=\"fusion-clearfix\"><\/div><\/div><\/div><div class=\"fusion-layout-column fusion_builder_column fusion-builder-column-1 fusion_builder_column_1_4 1_4 fusion-one-fourth\" style=\"width:25%;width:calc(25% - ( ( 4% + 4% + 4% ) * 0.25 ) );margin-right: 4%;margin-top:0px;margin-bottom:20px;\"><div class=\"fusion-column-wrapper fusion-flex-column-wrapper-legacy\" style=\"background-position:left top;background-repeat:no-repeat;-webkit-background-size:cover;-moz-background-size:cover;-o-background-size:cover;background-size:cover;padding: 0px 0px 0px 0px;\"><div class=\"imageframe-align-center\"><span class=\" fusion-imageframe imageframe-none imageframe-2 hover-type-none\"><img width=\"300\" height=\"300\" title=\"bloc2\" src=\"http:\/\/www.dbchauffage.be\/wp-content\/uploads\/2017\/10\/bloc2.png\" class=\"img-responsive wp-image-140\" srcset=\"https:\/\/www.dbchauffage.be\/wp-content\/uploads\/2017\/10\/bloc2-200x200.png 200w, https:\/\/www.dbchauffage.be\/wp-content\/uploads\/2017\/10\/bloc2.png 300w\" sizes=\"(max-width: 800px) 100vw, 300px\" \/><\/span><\/div><div class=\"fusion-clearfix\"><\/div><\/div><\/div><div class=\"fusion-layout-column fusion_builder_column fusion-builder-column-2 fusion_builder_column_1_4 1_4 fusion-one-fourth\" style=\"width:25%;width:calc(25% - ( ( 4% + 4% + 4% ) * 0.25 ) );margin-right: 4%;margin-top:0px;margin-bottom:20px;\"><div class=\"fusion-column-wrapper fusion-flex-column-wrapper-legacy\" style=\"background-position:left top;background-repeat:no-repeat;-webkit-background-size:cover;-moz-background-size:cover;-o-background-size:cover;background-size:cover;padding: 0px 0px 0px 0px;\"><div class=\"imageframe-align-center\"><span class=\" fusion-imageframe imageframe-none imageframe-3 hover-type-none\"><img width=\"300\" height=\"300\" title=\"bloc3\" src=\"http:\/\/www.dbchauffage.be\/wp-content\/uploads\/2017\/09\/bloc3.png\" class=\"img-responsive wp-image-136\" srcset=\"https:\/\/www.dbchauffage.be\/wp-content\/uploads\/2017\/09\/bloc3-200x200.png 200w, https:\/\/www.dbchauffage.be\/wp-content\/uploads\/2017\/09\/bloc3.png 300w\" sizes=\"(max-width: 800px) 100vw, 300px\" \/><\/span><\/div><div class=\"fusion-clearfix\"><\/div><\/div><\/div><div class=\"fusion-layout-column fusion_builder_column fusion-builder-column-3 fusion_builder_column_1_4 1_4 fusion-one-fourth fusion-column-last\" style=\"width:25%;width:calc(25% - ( ( 4% + 4% + 4% ) * 0.25 ) );margin-top:0px;margin-bottom:20px;\"><div class=\"fusion-column-wrapper fusion-flex-column-wrapper-legacy\" style=\"background-position:left top;background-repeat:no-repeat;-webkit-background-size:cover;-moz-background-size:cover;-o-background-size:cover;background-size:cover;padding: 0px 0px 0px 0px;\"><div class=\"imageframe-align-center\"><span class=\" fusion-imageframe imageframe-none imageframe-4 hover-type-none\"><img width=\"300\" height=\"300\" title=\"bloc4\" src=\"http:\/\/www.dbchauffage.be\/wp-content\/uploads\/2017\/09\/bloc4.png\" class=\"img-responsive wp-image-137\" srcset=\"https:\/\/www.dbchauffage.be\/wp-content\/uploads\/2017\/09\/bloc4-200x200.png 200w, https:\/\/www.dbchauffage.be\/wp-content\/uploads\/2017\/09\/bloc4.png 300w\" sizes=\"(max-width: 800px) 100vw, 300px\" \/><\/span><\/div><div class=\"fusion-clearfix\"><\/div><\/div><\/div><\/div><\/div><div class=\"fusion-fullwidth fullwidth-box fusion-builder-row-2 nonhundred-percent-fullwidth non-hundred-percent-height-scrolling\" style=\"background-color: rgba(255,255,255,0);background-position: center center;background-repeat: no-repeat;padding-top:0px;padding-right:0px;padding-bottom:0px;padding-left:0px;margin-bottom: 0px;margin-top: 0px;border-width: 0px 0px 0px 0px;border-color:#eae9e9;border-style:solid;\" ><div class=\"fusion-builder-row fusion-row\"><div class=\"fusion-layout-column fusion_builder_column fusion-builder-column-4 fusion_builder_column_1_1 1_1 fusion-one-full fusion-column-first fusion-column-last\" style=\"margin-top:0px;margin-bottom:20px;\"><div class=\"fusion-column-wrapper fusion-flex-column-wrapper-legacy\" style=\"background-position:left top;background-repeat:no-repeat;-webkit-background-size:cover;-moz-background-size:cover;-o-background-size:cover;background-size:cover;padding: 0px 0px 0px 0px;\"><style type=\"text\/css\"><\/style><div class=\"fusion-title title fusion-title-1 fusion-title-text fusion-title-size-one\" style=\"margin-top:0px;margin-bottom:31px;\"><h1 class=\"title-heading-left\" style=\"margin:0;\"><h1>A PROPOS DE NOUS<\/h1><\/h1><div class=\"title-sep-container\"><div class=\"title-sep sep-single sep-dashed\" style=\"border-color:#ff9800;\"><\/div><\/div><\/div><span class=\" fusion-imageframe imageframe-none imageframe-5 hover-type-none\" style=\"margin-left:25px;float:right;\"><img width=\"500\" height=\"333\" title=\"acceuil01\" src=\"http:\/\/www.dbchauffage.be\/wp-content\/uploads\/2017\/09\/acceuil01.png\" class=\"img-responsive wp-image-161\" srcset=\"https:\/\/www.dbchauffage.be\/wp-content\/uploads\/2017\/09\/acceuil01-200x133.png 200w, https:\/\/www.dbchauffage.be\/wp-content\/uploads\/2017\/09\/acceuil01-400x266.png 400w, https:\/\/www.dbchauffage.be\/wp-content\/uploads\/2017\/09\/acceuil01.png 500w\" sizes=\"(max-width: 800px) 100vw, 500px\" \/><\/span><div class=\"fusion-text fusion-text-1\"><h1 style=\"text-align: center;\"><strong>D.B. Chauffage-Sanitaire<\/strong><\/h1>\n<h2 style=\"text-align: center;\"><strong>votre entreprise en chauffage et sanitaire \u00e0 Bruxelles et dans le Bradant<\/strong><\/h2>\n<p>Depuis 2005, notre entreprise d\u00e9veloppe ses activit\u00e9s de chauffage, plomberie et sanitaire autour de 3 piliers principaux\u00a0:<\/p>\n<ul>\n<li>La r\u00e9activit\u00e9 face aux demandes\u00a0;<\/li>\n<li>Une qualit\u00e9 de travaux sans faille et un s\u00e9rieux des \u00e9quipes\u00a0;<\/li>\n<li>Une connaissance technique pouss\u00e9e nous permettant d\u2019intervenir sur toutes marques d\u2019installation.<\/li>\n<\/ul>\n<p>Pour toute demande d\u2019intervention ou de devis, compl\u00e9tez d\u00e8s maintenant notre <a href=\"http:\/\/www.dbchauffage.be\/rendez-vous\/\"><u>formulaire de contact<\/u><u><\/u><\/a><u><\/u>.<\/p>\n<\/div><div class=\"fusion-clearfix\"><\/div><\/div><\/div><\/div><\/div><div class=\"fusion-fullwidth fullwidth-box fusion-builder-row-3 nonhundred-percent-fullwidth non-hundred-percent-height-scrolling\" style=\"background-color: rgba(255,255,255,0);background-position: center center;background-repeat: no-repeat;padding-top:100px;padding-right:0px;padding-bottom:0px;padding-left:0px;margin-bottom: 0px;margin-top: 0px;border-width: 1px 0px 1px 0px;border-color:#607d8b;border-style:dashed;\" ><div class=\"fusion-builder-row fusion-row\"><div class=\"fusion-layout-column fusion_builder_column fusion-builder-column-5 fusion_builder_column_1_6 1_6 fusion-one-sixth fusion-column-first\" style=\"width:16.666666666667%;width:calc(16.666666666667% - ( ( 4% + 4% + 4% + 4% + 4% ) * 0.16666666666667 ) );margin-right: 4%;margin-top:0px;margin-bottom:20px;\"><div class=\"fusion-column-wrapper fusion-flex-column-wrapper-legacy\" style=\"background-position:left top;background-repeat:no-repeat;-webkit-background-size:cover;-moz-background-size:cover;-o-background-size:cover;background-size:cover;padding: 0px 0px 0px 0px;\"><div class=\"imageframe-align-center\"><span class=\" fusion-imageframe imageframe-none imageframe-6 hover-type-none\"><img width=\"1280\" height=\"278\" title=\"Viessmann-logo.svg\" src=\"http:\/\/www.dbchauffage.be\/wp-content\/uploads\/2017\/09\/Viessmann-logo.svg.png\" class=\"img-responsive wp-image-191\" srcset=\"https:\/\/www.dbchauffage.be\/wp-content\/uploads\/2017\/09\/Viessmann-logo.svg-200x43.png 200w, https:\/\/www.dbchauffage.be\/wp-content\/uploads\/2017\/09\/Viessmann-logo.svg-400x87.png 400w, https:\/\/www.dbchauffage.be\/wp-content\/uploads\/2017\/09\/Viessmann-logo.svg-600x130.png 600w, https:\/\/www.dbchauffage.be\/wp-content\/uploads\/2017\/09\/Viessmann-logo.svg-800x174.png 800w, https:\/\/www.dbchauffage.be\/wp-content\/uploads\/2017\/09\/Viessmann-logo.svg-1200x261.png 1200w, https:\/\/www.dbchauffage.be\/wp-content\/uploads\/2017\/09\/Viessmann-logo.svg.png 1280w\" sizes=\"(max-width: 800px) 100vw, 200px\" \/><\/span><\/div><div class=\"fusion-clearfix\"><\/div><\/div><\/div><div class=\"fusion-layout-column fusion_builder_column fusion-builder-column-6 fusion_builder_column_1_6 1_6 fusion-one-sixth\" style=\"width:16.666666666667%;width:calc(16.666666666667% - ( ( 4% + 4% + 4% + 4% + 4% ) * 0.16666666666667 ) );margin-right: 4%;margin-top:0px;margin-bottom:20px;\"><div class=\"fusion-column-wrapper fusion-flex-column-wrapper-legacy\" style=\"background-position:left top;background-repeat:no-repeat;-webkit-background-size:cover;-moz-background-size:cover;-o-background-size:cover;background-size:cover;padding: 0px 0px 0px 0px;\"><div class=\"imageframe-align-center\"><span class=\" fusion-imageframe imageframe-none imageframe-7 hover-type-none\"><img width=\"500\" height=\"167\" title=\"heimeier\" src=\"http:\/\/www.dbchauffage.be\/wp-content\/uploads\/2017\/09\/heimeier.png\" class=\"img-responsive wp-image-197\" srcset=\"https:\/\/www.dbchauffage.be\/wp-content\/uploads\/2017\/09\/heimeier-200x67.png 200w, https:\/\/www.dbchauffage.be\/wp-content\/uploads\/2017\/09\/heimeier-400x134.png 400w, https:\/\/www.dbchauffage.be\/wp-content\/uploads\/2017\/09\/heimeier.png 500w\" sizes=\"(max-width: 800px) 100vw, 200px\" \/><\/span><\/div><div class=\"fusion-clearfix\"><\/div><\/div><\/div><div class=\"fusion-layout-column fusion_builder_column fusion-builder-column-7 fusion_builder_column_1_6 1_6 fusion-one-sixth\" style=\"width:16.666666666667%;width:calc(16.666666666667% - ( ( 4% + 4% + 4% + 4% + 4% ) * 0.16666666666667 ) );margin-right: 4%;margin-top:0px;margin-bottom:20px;\"><div class=\"fusion-column-wrapper fusion-flex-column-wrapper-legacy\" style=\"background-position:left top;background-repeat:no-repeat;-webkit-background-size:cover;-moz-background-size:cover;-o-background-size:cover;background-size:cover;padding: 0px 0px 0px 0px;\"><div class=\"imageframe-align-center\"><span class=\" fusion-imageframe imageframe-none imageframe-8 hover-type-none\"><img width=\"1252\" height=\"346\" title=\"radson2\" src=\"http:\/\/www.dbchauffage.be\/wp-content\/uploads\/2017\/09\/radson2.jpg\" class=\"img-responsive wp-image-193\" srcset=\"https:\/\/www.dbchauffage.be\/wp-content\/uploads\/2017\/09\/radson2-200x55.jpg 200w, https:\/\/www.dbchauffage.be\/wp-content\/uploads\/2017\/09\/radson2-400x111.jpg 400w, https:\/\/www.dbchauffage.be\/wp-content\/uploads\/2017\/09\/radson2-600x166.jpg 600w, https:\/\/www.dbchauffage.be\/wp-content\/uploads\/2017\/09\/radson2-800x221.jpg 800w, https:\/\/www.dbchauffage.be\/wp-content\/uploads\/2017\/09\/radson2-1200x332.jpg 1200w, https:\/\/www.dbchauffage.be\/wp-content\/uploads\/2017\/09\/radson2.jpg 1252w\" sizes=\"(max-width: 800px) 100vw, 200px\" \/><\/span><\/div><div class=\"fusion-clearfix\"><\/div><\/div><\/div><div class=\"fusion-layout-column fusion_builder_column fusion-builder-column-8 fusion_builder_column_1_6 1_6 fusion-one-sixth\" style=\"width:16.666666666667%;width:calc(16.666666666667% - ( ( 4% + 4% + 4% + 4% + 4% ) * 0.16666666666667 ) );margin-right: 4%;margin-top:0px;margin-bottom:20px;\"><div class=\"fusion-column-wrapper fusion-flex-column-wrapper-legacy\" style=\"background-position:left top;background-repeat:no-repeat;-webkit-background-size:cover;-moz-background-size:cover;-o-background-size:cover;background-size:cover;padding: 0px 0px 0px 0px;\"><div class=\"imageframe-align-center\"><span class=\" fusion-imageframe imageframe-none imageframe-9 hover-type-none\"><img width=\"2000\" height=\"307\" title=\"Hansgrohe-Logo.svg\" src=\"http:\/\/www.dbchauffage.be\/wp-content\/uploads\/2017\/09\/Hansgrohe-Logo.svg.png\" class=\"img-responsive wp-image-195\" srcset=\"https:\/\/www.dbchauffage.be\/wp-content\/uploads\/2017\/09\/Hansgrohe-Logo.svg-200x31.png 200w, https:\/\/www.dbchauffage.be\/wp-content\/uploads\/2017\/09\/Hansgrohe-Logo.svg-400x61.png 400w, https:\/\/www.dbchauffage.be\/wp-content\/uploads\/2017\/09\/Hansgrohe-Logo.svg-600x92.png 600w, https:\/\/www.dbchauffage.be\/wp-content\/uploads\/2017\/09\/Hansgrohe-Logo.svg-800x123.png 800w, https:\/\/www.dbchauffage.be\/wp-content\/uploads\/2017\/09\/Hansgrohe-Logo.svg-1200x184.png 1200w, https:\/\/www.dbchauffage.be\/wp-content\/uploads\/2017\/09\/Hansgrohe-Logo.svg.png 2000w\" sizes=\"(max-width: 800px) 100vw, 200px\" \/><\/span><\/div><div class=\"fusion-clearfix\"><\/div><\/div><\/div><div class=\"fusion-layout-column fusion_builder_column fusion-builder-column-9 fusion_builder_column_1_6 1_6 fusion-one-sixth\" style=\"width:16.666666666667%;width:calc(16.666666666667% - ( ( 4% + 4% + 4% + 4% + 4% ) * 0.16666666666667 ) );margin-right: 4%;margin-top:0px;margin-bottom:20px;\"><div class=\"fusion-column-wrapper fusion-flex-column-wrapper-legacy\" style=\"background-position:left top;background-repeat:no-repeat;-webkit-background-size:cover;-moz-background-size:cover;-o-background-size:cover;background-size:cover;padding: 0px 0px 0px 0px;\"><div class=\"imageframe-align-center\"><span class=\" fusion-imageframe imageframe-none imageframe-10 hover-type-none\"><img width=\"1659\" height=\"729\" title=\"Grohe_logo_logotype_emblem\" src=\"http:\/\/www.dbchauffage.be\/wp-content\/uploads\/2017\/09\/Grohe_logo_logotype_emblem.jpg\" class=\"img-responsive wp-image-194\" srcset=\"https:\/\/www.dbchauffage.be\/wp-content\/uploads\/2017\/09\/Grohe_logo_logotype_emblem-200x88.jpg 200w, https:\/\/www.dbchauffage.be\/wp-content\/uploads\/2017\/09\/Grohe_logo_logotype_emblem-400x176.jpg 400w, https:\/\/www.dbchauffage.be\/wp-content\/uploads\/2017\/09\/Grohe_logo_logotype_emblem-600x264.jpg 600w, https:\/\/www.dbchauffage.be\/wp-content\/uploads\/2017\/09\/Grohe_logo_logotype_emblem-800x352.jpg 800w, https:\/\/www.dbchauffage.be\/wp-content\/uploads\/2017\/09\/Grohe_logo_logotype_emblem-1200x527.jpg 1200w, https:\/\/www.dbchauffage.be\/wp-content\/uploads\/2017\/09\/Grohe_logo_logotype_emblem.jpg 1659w\" sizes=\"(max-width: 800px) 100vw, 200px\" \/><\/span><\/div><div class=\"fusion-clearfix\"><\/div><\/div><\/div><div class=\"fusion-layout-column fusion_builder_column fusion-builder-column-10 fusion_builder_column_1_6 1_6 fusion-one-sixth fusion-column-last\" style=\"width:16.666666666667%;width:calc(16.666666666667% - ( ( 4% + 4% + 4% + 4% + 4% ) * 0.16666666666667 ) );margin-top:0px;margin-bottom:20px;\"><div class=\"fusion-column-wrapper fusion-flex-column-wrapper-legacy\" style=\"background-position:left top;background-repeat:no-repeat;-webkit-background-size:cover;-moz-background-size:cover;-o-background-size:cover;background-size:cover;padding: 0px 0px 0px 0px;\"><div class=\"imageframe-align-center\"><span class=\" fusion-imageframe imageframe-none imageframe-11 hover-type-none\"><img width=\"1200\" height=\"504\" title=\"BWT AG &#8211; Logo\" src=\"http:\/\/www.dbchauffage.be\/wp-content\/uploads\/2017\/09\/BWT-AG-Logo.jpg\" class=\"img-responsive wp-image-196\" srcset=\"https:\/\/www.dbchauffage.be\/wp-content\/uploads\/2017\/09\/BWT-AG-Logo-200x84.jpg 200w, https:\/\/www.dbchauffage.be\/wp-content\/uploads\/2017\/09\/BWT-AG-Logo-400x168.jpg 400w, https:\/\/www.dbchauffage.be\/wp-content\/uploads\/2017\/09\/BWT-AG-Logo-600x252.jpg 600w, https:\/\/www.dbchauffage.be\/wp-content\/uploads\/2017\/09\/BWT-AG-Logo-800x336.jpg 800w, https:\/\/www.dbchauffage.be\/wp-content\/uploads\/2017\/09\/BWT-AG-Logo.jpg 1200w\" sizes=\"(max-width: 800px) 100vw, 200px\" \/><\/span><\/div><div class=\"fusion-clearfix\"><\/div><\/div><\/div><\/div><\/div><\/p>\n","protected":false},"excerpt":{"rendered":"","protected":false},"author":1,"featured_media":0,"parent":0,"menu_order":0,"comment_status":"closed","ping_status":"closed","template":"","meta":[],"_links":{"self":[{"href":"https:\/\/www.dbchauffage.be\/index.php?rest_route=\/wp\/v2\/pages\/6"}],"collection":[{"href":"https:\/\/www.dbchauffage.be\/index.php?rest_route=\/wp\/v2\/pages"}],"about":[{"href":"https:\/\/www.dbchauffage.be\/index.php?rest_route=\/wp\/v2\/types\/page"}],"author":[{"embeddable":true,"href":"https:\/\/www.dbchauffage.be\/index.php?rest_route=\/wp\/v2\/users\/1"}],"replies":[{"embeddable":true,"href":"https:\/\/www.dbchauffage.be\/index.php?rest_route=%2Fwp%2Fv2%2Fcomments&post=6"}],"version-history":[{"count":73,"href":"https:\/\/www.dbchauffage.be\/index.php?rest_route=\/wp\/v2\/pages\/6\/revisions"}],"predecessor-version":[{"id":278,"href":"https:\/\/www.dbchauffage.be\/index.php?rest_route=\/wp\/v2\/pages\/6\/revisions\/278"}],"wp:attachment":[{"href":"https:\/\/www.dbchauffage.be\/index.php?rest_route=%2Fwp%2Fv2%2Fmedia&parent=6"}],"curies":[{"name":"wp","href":"https:\/\/api.w.org\/{rel}","templated":true}]}}